{"id":153,"date":"2025-08-26T19:52:57","date_gmt":"2025-08-26T17:52:57","guid":{"rendered":"https:\/\/www.lasupermarquette.com\/index.php\/produit\/petit-pot-en-rotin-tresse\/"},"modified":"2025-08-26T19:52:58","modified_gmt":"2025-08-26T17:52:58","slug":"petit-pot-en-rotin-tresse","status":"publish","type":"product","link":"https:\/\/www.lasupermarquette.com\/index.php\/produit\/petit-pot-en-rotin-tresse\/","title":{"rendered":"Petit pot en rotin tress\u00e9"},"content":{"rendered":"<p>Joli cache-pot en rotin tress\u00e9, deux poign\u00e9es en anneaux.<\/p>\n<p>Tr\u00e8s bon \u00e9tat.<\/p>\n","protected":false},"excerpt":{"rendered":"<p>Joli cache-pot en rotin tress\u00e9, deux poign\u00e9es en anneaux. Tr\u00e8s bon \u00e9tat.<\/p>\n","protected":false},"featured_media":150,"comment_status":"open","ping_status":"closed","template":"","meta":[],"product_cat":[28],"product_tag":[],"class_list":{"0":"post-153","1":"product","2":"type-product","3":"status-publish","4":"has-post-thumbnail","6":"product_cat-deco","8":"first","9":"instock","10":"sold-individually","11":"shipping-taxable","12":"purchasable","13":"product-type-simple"},"_links":{"self":[{"href":"https:\/\/www.lasupermarquette.com\/index.php\/wp-json\/wp\/v2\/product\/153","targetHints":{"allow":["GET"]}}],"collection":[{"href":"https:\/\/www.lasupermarquette.com\/index.php\/wp-json\/wp\/v2\/product"}],"about":[{"href":"https:\/\/www.lasupermarquette.com\/index.php\/wp-json\/wp\/v2\/types\/product"}],"replies":[{"embeddable":true,"href":"https:\/\/www.lasupermarquette.com\/index.php\/wp-json\/wp\/v2\/comments?post=153"}],"wp:featuredmedia":[{"embeddable":true,"href":"https:\/\/www.lasupermarquette.com\/index.php\/wp-json\/wp\/v2\/media\/150"}],"wp:attachment":[{"href":"https:\/\/www.lasupermarquette.com\/index.php\/wp-json\/wp\/v2\/media?parent=153"}],"wp:term":[{"taxonomy":"product_cat","embeddable":true,"href":"https:\/\/www.lasupermarquette.com\/index.php\/wp-json\/wp\/v2\/product_cat?post=153"},{"taxonomy":"product_tag","embeddable":true,"href":"https:\/\/www.lasupermarquette.com\/index.php\/wp-json\/wp\/v2\/product_tag?post=153"}],"curies":[{"name":"wp","href":"https:\/\/api.w.org\/{rel}","templated":true}]}}