{"id":166,"date":"2025-08-26T20:05:49","date_gmt":"2025-08-26T18:05:49","guid":{"rendered":"https:\/\/www.lasupermarquette.com\/index.php\/produit\/miroir-en-inox-annees-90\/"},"modified":"2025-08-26T20:05:50","modified_gmt":"2025-08-26T18:05:50","slug":"miroir-en-inox-annees-90","status":"publish","type":"product","link":"https:\/\/www.lasupermarquette.com\/index.php\/produit\/miroir-en-inox-annees-90\/","title":{"rendered":"Miroir en inox ann\u00e9es 90"},"content":{"rendered":"<p>Miroir en m\u00e9tal \u00e0 la forme g\u00e9om\u00e9trique typique des ann\u00e9es 80.<\/p>\n<p>Importantes traces d&#8217;oxydation. Rouille au dos.<\/p>\n","protected":false},"excerpt":{"rendered":"<p>Miroir en m\u00e9tal \u00e0 la forme g\u00e9om\u00e9trique typique des ann\u00e9es 80. Importantes traces d&#8217;oxydation. Rouille au dos.<\/p>\n","protected":false},"featured_media":164,"comment_status":"open","ping_status":"closed","template":"","meta":[],"product_cat":[28],"product_tag":[],"class_list":{"0":"post-166","1":"product","2":"type-product","3":"status-publish","4":"has-post-thumbnail","6":"product_cat-deco","8":"first","9":"instock","10":"sold-individually","11":"shipping-taxable","12":"purchasable","13":"product-type-simple"},"_links":{"self":[{"href":"https:\/\/www.lasupermarquette.com\/index.php\/wp-json\/wp\/v2\/product\/166","targetHints":{"allow":["GET"]}}],"collection":[{"href":"https:\/\/www.lasupermarquette.com\/index.php\/wp-json\/wp\/v2\/product"}],"about":[{"href":"https:\/\/www.lasupermarquette.com\/index.php\/wp-json\/wp\/v2\/types\/product"}],"replies":[{"embeddable":true,"href":"https:\/\/www.lasupermarquette.com\/index.php\/wp-json\/wp\/v2\/comments?post=166"}],"wp:featuredmedia":[{"embeddable":true,"href":"https:\/\/www.lasupermarquette.com\/index.php\/wp-json\/wp\/v2\/media\/164"}],"wp:attachment":[{"href":"https:\/\/www.lasupermarquette.com\/index.php\/wp-json\/wp\/v2\/media?parent=166"}],"wp:term":[{"taxonomy":"product_cat","embeddable":true,"href":"https:\/\/www.lasupermarquette.com\/index.php\/wp-json\/wp\/v2\/product_cat?post=166"},{"taxonomy":"product_tag","embeddable":true,"href":"https:\/\/www.lasupermarquette.com\/index.php\/wp-json\/wp\/v2\/product_tag?post=166"}],"curies":[{"name":"wp","href":"https:\/\/api.w.org\/{rel}","templated":true}]}}