{"id":169,"date":"2025-08-26T20:08:14","date_gmt":"2025-08-26T18:08:14","guid":{"rendered":"https:\/\/www.lasupermarquette.com\/index.php\/produit\/chevrette-19e-en-porcelaine-beurre\/"},"modified":"2026-04-15T21:12:23","modified_gmt":"2026-04-15T19:12:23","slug":"chevrette-19e-en-porcelaine-beurre","status":"publish","type":"product","link":"https:\/\/www.lasupermarquette.com\/index.php\/produit\/chevrette-19e-en-porcelaine-beurre\/","title":{"rendered":"Chevrette 19e en porcelaine beurre"},"content":{"rendered":"<p>Chevrette ancienne ou verseuse \u00e0 caf\u00e9. Couvercle d\u00e9licat au motif de fruit. 19e.<\/p>\n<p>\u00c9clats<\/p>\n","protected":false},"excerpt":{"rendered":"<p>Chevrette ancienne ou verseuse \u00e0 caf\u00e9. Couvercle d\u00e9licat au motif de fruit. 19e. \u00c9clats<\/p>\n","protected":false},"featured_media":167,"comment_status":"open","ping_status":"closed","template":"","meta":[],"product_cat":[19],"product_tag":[],"class_list":{"0":"post-169","1":"product","2":"type-product","3":"status-publish","4":"has-post-thumbnail","6":"product_cat-table","8":"first","9":"instock","10":"sale","11":"sold-individually","12":"shipping-taxable","13":"purchasable","14":"product-type-simple"},"_links":{"self":[{"href":"https:\/\/www.lasupermarquette.com\/index.php\/wp-json\/wp\/v2\/product\/169","targetHints":{"allow":["GET"]}}],"collection":[{"href":"https:\/\/www.lasupermarquette.com\/index.php\/wp-json\/wp\/v2\/product"}],"about":[{"href":"https:\/\/www.lasupermarquette.com\/index.php\/wp-json\/wp\/v2\/types\/product"}],"replies":[{"embeddable":true,"href":"https:\/\/www.lasupermarquette.com\/index.php\/wp-json\/wp\/v2\/comments?post=169"}],"wp:featuredmedia":[{"embeddable":true,"href":"https:\/\/www.lasupermarquette.com\/index.php\/wp-json\/wp\/v2\/media\/167"}],"wp:attachment":[{"href":"https:\/\/www.lasupermarquette.com\/index.php\/wp-json\/wp\/v2\/media?parent=169"}],"wp:term":[{"taxonomy":"product_cat","embeddable":true,"href":"https:\/\/www.lasupermarquette.com\/index.php\/wp-json\/wp\/v2\/product_cat?post=169"},{"taxonomy":"product_tag","embeddable":true,"href":"https:\/\/www.lasupermarquette.com\/index.php\/wp-json\/wp\/v2\/product_tag?post=169"}],"curies":[{"name":"wp","href":"https:\/\/api.w.org\/{rel}","templated":true}]}}