{"id":175,"date":"2025-08-26T20:10:32","date_gmt":"2025-08-26T18:10:32","guid":{"rendered":"https:\/\/www.lasupermarquette.com\/index.php\/produit\/etude-de-tete-en-platre\/"},"modified":"2025-12-08T11:19:33","modified_gmt":"2025-12-08T10:19:33","slug":"etude-de-tete-en-platre","status":"publish","type":"product","link":"https:\/\/www.lasupermarquette.com\/index.php\/produit\/etude-de-tete-en-platre\/","title":{"rendered":"\u00c9tude de t\u00eate en pl\u00e2tre"},"content":{"rendered":"<p>Grande et belle \u00e9tude de t\u00eate en pl\u00e2tre, probablement inspir\u00e9 d&#8217;une statue grecque.<\/p>\n<p>Sign\u00e9e et dat\u00e9e de 1981.<\/p>\n<p>Manques .<\/p>\n","protected":false},"excerpt":{"rendered":"<p>Grande et belle \u00e9tude de t\u00eate en pl\u00e2tre, probablement inspir\u00e9 d&#8217;une statue grecque. Sign\u00e9e et dat\u00e9e de 1981. Manques .<\/p>\n","protected":false},"featured_media":172,"comment_status":"open","ping_status":"closed","template":"","meta":[],"product_cat":[28],"product_tag":[],"class_list":{"0":"post-175","1":"product","2":"type-product","3":"status-publish","4":"has-post-thumbnail","6":"product_cat-deco","8":"first","9":"instock","10":"sold-individually","11":"shipping-taxable","12":"purchasable","13":"product-type-simple"},"_links":{"self":[{"href":"https:\/\/www.lasupermarquette.com\/index.php\/wp-json\/wp\/v2\/product\/175","targetHints":{"allow":["GET"]}}],"collection":[{"href":"https:\/\/www.lasupermarquette.com\/index.php\/wp-json\/wp\/v2\/product"}],"about":[{"href":"https:\/\/www.lasupermarquette.com\/index.php\/wp-json\/wp\/v2\/types\/product"}],"replies":[{"embeddable":true,"href":"https:\/\/www.lasupermarquette.com\/index.php\/wp-json\/wp\/v2\/comments?post=175"}],"wp:featuredmedia":[{"embeddable":true,"href":"https:\/\/www.lasupermarquette.com\/index.php\/wp-json\/wp\/v2\/media\/172"}],"wp:attachment":[{"href":"https:\/\/www.lasupermarquette.com\/index.php\/wp-json\/wp\/v2\/media?parent=175"}],"wp:term":[{"taxonomy":"product_cat","embeddable":true,"href":"https:\/\/www.lasupermarquette.com\/index.php\/wp-json\/wp\/v2\/product_cat?post=175"},{"taxonomy":"product_tag","embeddable":true,"href":"https:\/\/www.lasupermarquette.com\/index.php\/wp-json\/wp\/v2\/product_tag?post=175"}],"curies":[{"name":"wp","href":"https:\/\/api.w.org\/{rel}","templated":true}]}}