{"id":181,"date":"2025-08-26T20:13:08","date_gmt":"2025-08-26T18:13:08","guid":{"rendered":"https:\/\/www.lasupermarquette.com\/index.php\/produit\/grand-vase-bleu-nuit-west-germany\/"},"modified":"2026-04-12T07:54:29","modified_gmt":"2026-04-12T05:54:29","slug":"grand-vase-bleu-nuit-west-germany","status":"publish","type":"product","link":"https:\/\/www.lasupermarquette.com\/index.php\/produit\/grand-vase-bleu-nuit-west-germany\/","title":{"rendered":"Grand vase bleu nuit, West Germany"},"content":{"rendered":"<p>Grand vase ann\u00e9es 60 \u00e0 la forme dodue et \u00e0 la anse g\u00e9om\u00e9trique, made in West Germany.<\/p>\n","protected":false},"excerpt":{"rendered":"<p>Grand vase ann\u00e9es 60 \u00e0 la forme dodue et \u00e0 la anse g\u00e9om\u00e9trique, made in West Germany.<\/p>\n","protected":false},"featured_media":180,"comment_status":"open","ping_status":"closed","template":"","meta":[],"product_cat":[28],"product_tag":[],"class_list":{"0":"post-181","1":"product","2":"type-product","3":"status-publish","4":"has-post-thumbnail","6":"product_cat-deco","8":"first","9":"instock","10":"sold-individually","11":"shipping-taxable","12":"purchasable","13":"product-type-simple"},"_links":{"self":[{"href":"https:\/\/www.lasupermarquette.com\/index.php\/wp-json\/wp\/v2\/product\/181","targetHints":{"allow":["GET"]}}],"collection":[{"href":"https:\/\/www.lasupermarquette.com\/index.php\/wp-json\/wp\/v2\/product"}],"about":[{"href":"https:\/\/www.lasupermarquette.com\/index.php\/wp-json\/wp\/v2\/types\/product"}],"replies":[{"embeddable":true,"href":"https:\/\/www.lasupermarquette.com\/index.php\/wp-json\/wp\/v2\/comments?post=181"}],"wp:featuredmedia":[{"embeddable":true,"href":"https:\/\/www.lasupermarquette.com\/index.php\/wp-json\/wp\/v2\/media\/180"}],"wp:attachment":[{"href":"https:\/\/www.lasupermarquette.com\/index.php\/wp-json\/wp\/v2\/media?parent=181"}],"wp:term":[{"taxonomy":"product_cat","embeddable":true,"href":"https:\/\/www.lasupermarquette.com\/index.php\/wp-json\/wp\/v2\/product_cat?post=181"},{"taxonomy":"product_tag","embeddable":true,"href":"https:\/\/www.lasupermarquette.com\/index.php\/wp-json\/wp\/v2\/product_tag?post=181"}],"curies":[{"name":"wp","href":"https:\/\/api.w.org\/{rel}","templated":true}]}}