{"id":188,"date":"2025-08-26T20:31:39","date_gmt":"2025-08-26T18:31:39","guid":{"rendered":"https:\/\/www.lasupermarquette.com\/index.php\/produit\/tres-grande-lampe-colonne-grecque\/"},"modified":"2025-08-26T20:31:40","modified_gmt":"2025-08-26T18:31:40","slug":"tres-grande-lampe-colonne-grecque","status":"publish","type":"product","link":"https:\/\/www.lasupermarquette.com\/index.php\/produit\/tres-grande-lampe-colonne-grecque\/","title":{"rendered":"Tr\u00e8s grande lampe, colonne grecque"},"content":{"rendered":"<p>Grande lampe en pl\u00e2tre ann\u00e9es 80, pied comme une colonne grecque. Chapeau asym\u00e9trique en option.<\/p>\n","protected":false},"excerpt":{"rendered":"<p>Grande lampe en pl\u00e2tre ann\u00e9es 80, pied comme une colonne grecque. Chapeau asym\u00e9trique en option.<\/p>\n","protected":false},"featured_media":187,"comment_status":"open","ping_status":"closed","template":"","meta":[],"product_cat":[15],"product_tag":[],"class_list":{"0":"post-188","1":"product","2":"type-product","3":"status-publish","4":"has-post-thumbnail","6":"product_cat-lampes","8":"first","9":"instock","10":"sold-individually","11":"shipping-taxable","12":"purchasable","13":"product-type-simple"},"_links":{"self":[{"href":"https:\/\/www.lasupermarquette.com\/index.php\/wp-json\/wp\/v2\/product\/188","targetHints":{"allow":["GET"]}}],"collection":[{"href":"https:\/\/www.lasupermarquette.com\/index.php\/wp-json\/wp\/v2\/product"}],"about":[{"href":"https:\/\/www.lasupermarquette.com\/index.php\/wp-json\/wp\/v2\/types\/product"}],"replies":[{"embeddable":true,"href":"https:\/\/www.lasupermarquette.com\/index.php\/wp-json\/wp\/v2\/comments?post=188"}],"wp:featuredmedia":[{"embeddable":true,"href":"https:\/\/www.lasupermarquette.com\/index.php\/wp-json\/wp\/v2\/media\/187"}],"wp:attachment":[{"href":"https:\/\/www.lasupermarquette.com\/index.php\/wp-json\/wp\/v2\/media?parent=188"}],"wp:term":[{"taxonomy":"product_cat","embeddable":true,"href":"https:\/\/www.lasupermarquette.com\/index.php\/wp-json\/wp\/v2\/product_cat?post=188"},{"taxonomy":"product_tag","embeddable":true,"href":"https:\/\/www.lasupermarquette.com\/index.php\/wp-json\/wp\/v2\/product_tag?post=188"}],"curies":[{"name":"wp","href":"https:\/\/api.w.org\/{rel}","templated":true}]}}