{"id":191,"date":"2025-08-26T20:33:28","date_gmt":"2025-08-26T18:33:28","guid":{"rendered":"https:\/\/www.lasupermarquette.com\/index.php\/produit\/jeu-de-construction-ancien\/"},"modified":"2026-03-02T11:21:08","modified_gmt":"2026-03-02T10:21:08","slug":"jeu-de-construction-ancien","status":"publish","type":"product","link":"https:\/\/www.lasupermarquette.com\/index.php\/produit\/jeu-de-construction-ancien\/","title":{"rendered":"Jeu de construction ancien"},"content":{"rendered":"<p>Jeu en m\u00e9tal, comme un m\u00e9cano ancien, rouge et blanc. Sera tr\u00e8s chouette en d\u00e9co sur une biblioth\u00e8que.<\/p>\n<p>Tr\u00e8s belle patine.<\/p>\n","protected":false},"excerpt":{"rendered":"<p>Jeu en m\u00e9tal, comme un m\u00e9cano ancien, rouge et blanc. Sera tr\u00e8s chouette en d\u00e9co sur une biblioth\u00e8que. Tr\u00e8s belle patine.<\/p>\n","protected":false},"featured_media":189,"comment_status":"open","ping_status":"closed","template":"","meta":[],"product_cat":[28],"product_tag":[],"class_list":{"0":"post-191","1":"product","2":"type-product","3":"status-publish","4":"has-post-thumbnail","6":"product_cat-deco","8":"first","9":"instock","10":"sold-individually","11":"shipping-taxable","12":"purchasable","13":"product-type-simple"},"_links":{"self":[{"href":"https:\/\/www.lasupermarquette.com\/index.php\/wp-json\/wp\/v2\/product\/191","targetHints":{"allow":["GET"]}}],"collection":[{"href":"https:\/\/www.lasupermarquette.com\/index.php\/wp-json\/wp\/v2\/product"}],"about":[{"href":"https:\/\/www.lasupermarquette.com\/index.php\/wp-json\/wp\/v2\/types\/product"}],"replies":[{"embeddable":true,"href":"https:\/\/www.lasupermarquette.com\/index.php\/wp-json\/wp\/v2\/comments?post=191"}],"wp:featuredmedia":[{"embeddable":true,"href":"https:\/\/www.lasupermarquette.com\/index.php\/wp-json\/wp\/v2\/media\/189"}],"wp:attachment":[{"href":"https:\/\/www.lasupermarquette.com\/index.php\/wp-json\/wp\/v2\/media?parent=191"}],"wp:term":[{"taxonomy":"product_cat","embeddable":true,"href":"https:\/\/www.lasupermarquette.com\/index.php\/wp-json\/wp\/v2\/product_cat?post=191"},{"taxonomy":"product_tag","embeddable":true,"href":"https:\/\/www.lasupermarquette.com\/index.php\/wp-json\/wp\/v2\/product_tag?post=191"}],"curies":[{"name":"wp","href":"https:\/\/api.w.org\/{rel}","templated":true}]}}