{"id":200,"date":"2025-08-26T20:48:14","date_gmt":"2025-08-26T18:48:14","guid":{"rendered":"https:\/\/www.lasupermarquette.com\/index.php\/produit\/toile-representant-le-port-de-st-tropez\/"},"modified":"2025-08-26T20:48:15","modified_gmt":"2025-08-26T18:48:15","slug":"toile-representant-le-port-de-st-tropez","status":"publish","type":"product","link":"https:\/\/www.lasupermarquette.com\/index.php\/produit\/toile-representant-le-port-de-st-tropez\/","title":{"rendered":"Toile repr\u00e9sentant le port de St Tropez"},"content":{"rendered":"<p>Joli petit tableau color\u00e9 repr\u00e9sentant le port de St Tropez. Couleurs gaies. 1960.<\/p>\n<p>Quelques l\u00e9g\u00e8res d\u00e9colorations li\u00e9es \u00e0 l&#8217;eau.<\/p>\n","protected":false},"excerpt":{"rendered":"<p>Joli petit tableau color\u00e9 repr\u00e9sentant le port de St Tropez. Couleurs gaies. 1960. Quelques l\u00e9g\u00e8res d\u00e9colorations li\u00e9es \u00e0 l&#8217;eau.<\/p>\n","protected":false},"featured_media":197,"comment_status":"open","ping_status":"closed","template":"","meta":[],"product_cat":[29],"product_tag":[],"class_list":{"0":"post-200","1":"product","2":"type-product","3":"status-publish","4":"has-post-thumbnail","6":"product_cat-art","8":"first","9":"instock","10":"shipping-taxable","11":"purchasable","12":"product-type-simple"},"_links":{"self":[{"href":"https:\/\/www.lasupermarquette.com\/index.php\/wp-json\/wp\/v2\/product\/200","targetHints":{"allow":["GET"]}}],"collection":[{"href":"https:\/\/www.lasupermarquette.com\/index.php\/wp-json\/wp\/v2\/product"}],"about":[{"href":"https:\/\/www.lasupermarquette.com\/index.php\/wp-json\/wp\/v2\/types\/product"}],"replies":[{"embeddable":true,"href":"https:\/\/www.lasupermarquette.com\/index.php\/wp-json\/wp\/v2\/comments?post=200"}],"wp:featuredmedia":[{"embeddable":true,"href":"https:\/\/www.lasupermarquette.com\/index.php\/wp-json\/wp\/v2\/media\/197"}],"wp:attachment":[{"href":"https:\/\/www.lasupermarquette.com\/index.php\/wp-json\/wp\/v2\/media?parent=200"}],"wp:term":[{"taxonomy":"product_cat","embeddable":true,"href":"https:\/\/www.lasupermarquette.com\/index.php\/wp-json\/wp\/v2\/product_cat?post=200"},{"taxonomy":"product_tag","embeddable":true,"href":"https:\/\/www.lasupermarquette.com\/index.php\/wp-json\/wp\/v2\/product_tag?post=200"}],"curies":[{"name":"wp","href":"https:\/\/api.w.org\/{rel}","templated":true}]}}